{"id":4096,"date":"2023-03-10T17:36:40","date_gmt":"2023-03-10T17:36:40","guid":{"rendered":"http:\/\/chinamedi.ch\/?page_id=4096"},"modified":"2023-03-21T11:45:51","modified_gmt":"2023-03-21T11:45:51","slug":"spezialbehandlung","status":"publish","type":"page","link":"https:\/\/chinamedi.ch\/index.php\/spezialbehandlung\/","title":{"rendered":"Spezialbehandlung"},"content":{"rendered":"\t\t<div data-elementor-type=\"wp-page\" data-elementor-id=\"4096\" class=\"elementor elementor-4096\">\n\t\t\t\t\t\t<section class=\"elementor-section elementor-top-section elementor-element elementor-element-8eb2700 elementor-section-full_width elementor-section-height-default elementor-section-height-default\" data-id=\"8eb2700\" data-element_type=\"section\">\n\t\t\t\t\t\t<div class=\"elementor-container elementor-column-gap-default\">\n\t\t\t\t\t<div class=\"elementor-column elementor-col-50 elementor-top-column elementor-element elementor-element-d189f00\" data-id=\"d189f00\" data-element_type=\"column\">\n\t\t\t<div class=\"elementor-widget-wrap elementor-element-populated\">\n\t\t\t\t\t\t<div class=\"elementor-element elementor-element-db02046 elementor-widget elementor-widget-text-editor\" data-id=\"db02046\" data-element_type=\"widget\" data-widget_type=\"text-editor.default\">\n\t\t\t\t<div class=\"elementor-widget-container\">\n\t\t\t\t\t\t\t\t\t<h1><strong>Kr\u00e4uterbad<\/strong><\/h1><p>Das Medizinbad der traditionellen chinesischen Medizin besteht darin, Menschen in das Badewasser zu legen &#8211; einen Beutel der traditionellen chinesischen Medizin mit vielen verschiedenen wertvollen chinesischen Heilmaterialien, die in einem bestimmten Verh\u00e4ltnis gemischt werden.<\/p><p>\u00a0Ein medizinisches Bad besteht darin, die Eigenschaften von Wasser zu nutzen, um verwandte Medikamente in Wasser aufzul\u00f6sen, und eine Erw\u00e4rmungsmethode (dh eine bestimmte Temperatur zu w\u00e4hlen), damit Medikamente in die Haut, Akupunkturpunkte usw. eindringen und direkt in die Meridiane und Blutgef\u00e4\u00dfe gelangen, verteilen sie \u00fcber den ganzen K\u00f6rper und spielen eine therapeutische Rolle.\u00a0 Daher hat es die Wirkung, zu schwitzen und die Oberfl\u00e4che zu entlasten, die Durchblutung zu f\u00f6rdern und Kollateralen auszubaggern, Hitze abzuleiten und zu entgiften, F\u00e4ulnis zu entfernen und das Muskelwachstum zu f\u00f6rdern, zu versch\u00f6nern, Krankheiten zu beseitigen und das Leben zu verl\u00e4ngern.\u00a0 Wirkung.\u00a0 In den letzten Jahren haben sich auch die Forschungen zum Mechanismus der medizinischen Badetherapie der traditionellen chinesischen Medizin weiter vertieft. Es wird angenommen, dass die medizinische Badetherapie nicht nur direkt in den Blutkreislauf gelangt, um ihre eigenen pharmakologischen Wirkungen auszu\u00fcben, sondern auch die Funktion hat, die zu regulieren Funktionen von Geweben und Organen verschiedener Systeme und die Immunfunktion des K\u00f6rpers.\u00a0<\/p><ol><li>Schwitzen, Entgiftung.<\/li><li>F\u00f6rdern Sie die Genesung der Wochenbettzeit und beugen Sie gyn\u00e4kologischen Erkrankungen vor.<\/li><li>Weichmachend und juckreizstillend, Hautkrankheiten vorbeugen und behandeln.<\/li><li>Verbessern Sie die Leistung des Herzens und verbessern Sie die Herzfunktion.<\/li><li>Verbessern Sie die Mikrozirkulation des ganzen K\u00f6rpers.<\/li><li>F\u00f6rderung der Magen-Darm-Motilit\u00e4t, St\u00e4rkung der Milz und Unterst\u00fctzung der Verdauung.<\/li><li>Beseitigen Sie M\u00fcdigkeit, lindern Sie Muskel- und Gelenkschmerzen.<\/li><li>Einfach zu schlafen und gut zu schlafen.<\/li><li>Verbesserung der Funktion und Immunit\u00e4t des endokrinen Systems.<\/li><li>Verbesserung der Nervenregulationsf\u00e4higkeit.<\/li><li>Es hat die Funktionen Analgesie, Senkung des Blutdrucks, Senkung des Blutzuckers, Entfernung von Altersflecken und Schwei\u00dfflecken auf der Haut, macht die Gelenke flexibler, die Muskelkontraktion st\u00e4rker und weniger anf\u00e4llig f\u00fcr Erm\u00fcdung.\u00a0<\/li><li>Es kann Schwindel, Schwindel und anderen Symptomen vorbeugen<\/li><li>Es kann auch die Haut zart und wei\u00df machen und die Hautelastizit\u00e4t erh\u00f6hen.\u00a0<\/li><li>Bei einigen Geb\u00e4renden kann das Waschen des Afters nicht nur Blutungen stoppen, sondern auch H\u00e4morrhoiden, Analfissuren und anderen Krankheiten vorbeugen.<\/li><\/ol>\t\t\t\t\t\t\t\t<\/div>\n\t\t\t\t<\/div>\n\t\t\t\t\t<\/div>\n\t\t<\/div>\n\t\t\t\t<div class=\"elementor-column elementor-col-50 elementor-top-column elementor-element elementor-element-154d045\" data-id=\"154d045\" data-element_type=\"column\">\n\t\t\t<div class=\"elementor-widget-wrap elementor-element-populated\">\n\t\t\t\t\t\t<div class=\"elementor-element elementor-element-0a8f0c9 elementor-widget elementor-widget-image\" data-id=\"0a8f0c9\" data-element_type=\"widget\" data-widget_type=\"image.default\">\n\t\t\t\t<div class=\"elementor-widget-container\">\n\t\t\t\t\t\t\t\t\t\t\t\t\t\t\t<img fetchpriority=\"high\" decoding=\"async\" width=\"576\" height=\"1024\" src=\"https:\/\/chinamedi.ch\/wp-content\/uploads\/2023\/03\/Adsiz-tasarim-77-576x1024.png\" class=\"attachment-large size-large wp-image-4100\" alt=\"\" \/>\t\t\t\t\t\t\t\t\t\t\t\t\t\t\t<\/div>\n\t\t\t\t<\/div>\n\t\t\t\t\t<\/div>\n\t\t<\/div>\n\t\t\t\t\t<\/div>\n\t\t<\/section>\n\t\t\t\t<\/div>\n\t\t","protected":false},"excerpt":{"rendered":"<p>Kr\u00e4uterbad Das Medizinbad der traditionellen chinesischen Medizin besteht darin, Menschen in das Badewasser zu legen &#8211; einen Beutel der traditionellen chinesischen Medizin mit vielen verschiedenen wertvollen chinesischen Heilmaterialien, die in einem bestimmten Verh\u00e4ltnis gemischt werden. \u00a0Ein medizinisches Bad besteht darin, [&hellip;]<\/p>\n","protected":false},"author":2,"featured_media":3939,"parent":0,"menu_order":0,"comment_status":"closed","ping_status":"closed","template":"","meta":{"_joinchat":[],"footnotes":""},"class_list":["post-4096","page","type-page","status-publish","has-post-thumbnail","hentry"],"yoast_head":"<!-- This site is optimized with the Yoast SEO Premium plugin v20.0 (Yoast SEO v20.0) - https:\/\/yoast.com\/wordpress\/plugins\/seo\/ -->\n<title>Spezialbehandlung - Chinamedi.ch<\/title>\n<meta name=\"robots\" content=\"index, follow, max-snippet:-1, max-image-preview:large, max-video-preview:-1\" \/>\n<link rel=\"canonical\" href=\"https:\/\/chinamedi.ch\/index.php\/spezialbehandlung\/\" \/>\n<meta property=\"og:locale\" content=\"fr_FR\" \/>\n<meta property=\"og:type\" content=\"article\" \/>\n<meta property=\"og:title\" content=\"Spezialbehandlung\" \/>\n<meta property=\"og:description\" content=\"Kr\u00e4uterbad Das Medizinbad der traditionellen chinesischen Medizin besteht darin, Menschen in das Badewasser zu legen &#8211; einen Beutel der traditionellen chinesischen Medizin mit vielen verschiedenen wertvollen chinesischen Heilmaterialien, die in einem bestimmten Verh\u00e4ltnis gemischt werden. \u00a0Ein medizinisches Bad besteht darin, [&hellip;]\" \/>\n<meta property=\"og:url\" content=\"https:\/\/chinamedi.ch\/index.php\/spezialbehandlung\/\" \/>\n<meta property=\"og:site_name\" content=\"Chinamedi.ch\" \/>\n<meta property=\"article:modified_time\" content=\"2023-03-21T11:45:51+00:00\" \/>\n<meta property=\"og:image\" content=\"https:\/\/chinamedi.ch\/wp-content\/uploads\/2023\/03\/Adsiz-tasarim-70-1024x373.png\" \/>\n\t<meta property=\"og:image:width\" content=\"1024\" \/>\n\t<meta property=\"og:image:height\" content=\"373\" \/>\n\t<meta property=\"og:image:type\" content=\"image\/png\" \/>\n<meta name=\"twitter:card\" content=\"summary_large_image\" \/>\n<meta name=\"twitter:label1\" content=\"Dur\u00e9e de lecture estim\u00e9e\" \/>\n\t<meta name=\"twitter:data1\" content=\"3 minutes\" \/>\n<script type=\"application\/ld+json\" class=\"yoast-schema-graph\">{\"@context\":\"https:\/\/schema.org\",\"@graph\":[{\"@type\":\"WebPage\",\"@id\":\"https:\/\/chinamedi.ch\/index.php\/spezialbehandlung\/\",\"url\":\"https:\/\/chinamedi.ch\/index.php\/spezialbehandlung\/\",\"name\":\"Spezialbehandlung - Chinamedi.ch\",\"isPartOf\":{\"@id\":\"https:\/\/chinamedi.ch\/#website\"},\"datePublished\":\"2023-03-10T17:36:40+00:00\",\"dateModified\":\"2023-03-21T11:45:51+00:00\",\"breadcrumb\":{\"@id\":\"https:\/\/chinamedi.ch\/index.php\/spezialbehandlung\/#breadcrumb\"},\"inLanguage\":\"fr-FR\",\"potentialAction\":[{\"@type\":\"ReadAction\",\"target\":[\"https:\/\/chinamedi.ch\/index.php\/spezialbehandlung\/\"]}]},{\"@type\":\"BreadcrumbList\",\"@id\":\"https:\/\/chinamedi.ch\/index.php\/spezialbehandlung\/#breadcrumb\",\"itemListElement\":[{\"@type\":\"ListItem\",\"position\":1,\"name\":\"Home\",\"item\":\"https:\/\/chinamedi.ch\/\"},{\"@type\":\"ListItem\",\"position\":2,\"name\":\"Spezialbehandlung\"}]},{\"@type\":\"WebSite\",\"@id\":\"https:\/\/chinamedi.ch\/#website\",\"url\":\"https:\/\/chinamedi.ch\/\",\"name\":\"Chinamedi.ch\",\"description\":\"\",\"potentialAction\":[{\"@type\":\"SearchAction\",\"target\":{\"@type\":\"EntryPoint\",\"urlTemplate\":\"https:\/\/chinamedi.ch\/?s={search_term_string}\"},\"query-input\":\"required name=search_term_string\"}],\"inLanguage\":\"fr-FR\"}]}<\/script>\n<!-- \/ Yoast SEO Premium plugin. -->","yoast_head_json":{"title":"Spezialbehandlung - Chinamedi.ch","robots":{"index":"index","follow":"follow","max-snippet":"max-snippet:-1","max-image-preview":"max-image-preview:large","max-video-preview":"max-video-preview:-1"},"canonical":"https:\/\/chinamedi.ch\/index.php\/spezialbehandlung\/","og_locale":"fr_FR","og_type":"article","og_title":"Spezialbehandlung","og_description":"Kr\u00e4uterbad Das Medizinbad der traditionellen chinesischen Medizin besteht darin, Menschen in das Badewasser zu legen &#8211; einen Beutel der traditionellen chinesischen Medizin mit vielen verschiedenen wertvollen chinesischen Heilmaterialien, die in einem bestimmten Verh\u00e4ltnis gemischt werden. \u00a0Ein medizinisches Bad besteht darin, [&hellip;]","og_url":"https:\/\/chinamedi.ch\/index.php\/spezialbehandlung\/","og_site_name":"Chinamedi.ch","article_modified_time":"2023-03-21T11:45:51+00:00","og_image":[{"width":1024,"height":373,"url":"https:\/\/chinamedi.ch\/wp-content\/uploads\/2023\/03\/Adsiz-tasarim-70-1024x373.png","type":"image\/png"}],"twitter_card":"summary_large_image","twitter_misc":{"Dur\u00e9e de lecture estim\u00e9e":"3 minutes"},"schema":{"@context":"https:\/\/schema.org","@graph":[{"@type":"WebPage","@id":"https:\/\/chinamedi.ch\/index.php\/spezialbehandlung\/","url":"https:\/\/chinamedi.ch\/index.php\/spezialbehandlung\/","name":"Spezialbehandlung - Chinamedi.ch","isPartOf":{"@id":"https:\/\/chinamedi.ch\/#website"},"datePublished":"2023-03-10T17:36:40+00:00","dateModified":"2023-03-21T11:45:51+00:00","breadcrumb":{"@id":"https:\/\/chinamedi.ch\/index.php\/spezialbehandlung\/#breadcrumb"},"inLanguage":"fr-FR","potentialAction":[{"@type":"ReadAction","target":["https:\/\/chinamedi.ch\/index.php\/spezialbehandlung\/"]}]},{"@type":"BreadcrumbList","@id":"https:\/\/chinamedi.ch\/index.php\/spezialbehandlung\/#breadcrumb","itemListElement":[{"@type":"ListItem","position":1,"name":"Home","item":"https:\/\/chinamedi.ch\/"},{"@type":"ListItem","position":2,"name":"Spezialbehandlung"}]},{"@type":"WebSite","@id":"https:\/\/chinamedi.ch\/#website","url":"https:\/\/chinamedi.ch\/","name":"Chinamedi.ch","description":"","potentialAction":[{"@type":"SearchAction","target":{"@type":"EntryPoint","urlTemplate":"https:\/\/chinamedi.ch\/?s={search_term_string}"},"query-input":"required name=search_term_string"}],"inLanguage":"fr-FR"}]}},"_links":{"self":[{"href":"https:\/\/chinamedi.ch\/index.php\/wp-json\/wp\/v2\/pages\/4096","targetHints":{"allow":["GET"]}}],"collection":[{"href":"https:\/\/chinamedi.ch\/index.php\/wp-json\/wp\/v2\/pages"}],"about":[{"href":"https:\/\/chinamedi.ch\/index.php\/wp-json\/wp\/v2\/types\/page"}],"author":[{"embeddable":true,"href":"https:\/\/chinamedi.ch\/index.php\/wp-json\/wp\/v2\/users\/2"}],"replies":[{"embeddable":true,"href":"https:\/\/chinamedi.ch\/index.php\/wp-json\/wp\/v2\/comments?post=4096"}],"version-history":[{"count":11,"href":"https:\/\/chinamedi.ch\/index.php\/wp-json\/wp\/v2\/pages\/4096\/revisions"}],"predecessor-version":[{"id":4117,"href":"https:\/\/chinamedi.ch\/index.php\/wp-json\/wp\/v2\/pages\/4096\/revisions\/4117"}],"wp:featuredmedia":[{"embeddable":true,"href":"https:\/\/chinamedi.ch\/index.php\/wp-json\/wp\/v2\/media\/3939"}],"wp:attachment":[{"href":"https:\/\/chinamedi.ch\/index.php\/wp-json\/wp\/v2\/media?parent=4096"}],"curies":[{"name":"wp","href":"https:\/\/api.w.org\/{rel}","templated":true}]}}