{"id":4071,"date":"2023-03-10T17:14:03","date_gmt":"2023-03-10T17:14:03","guid":{"rendered":"http:\/\/chinamedi.ch\/?page_id=4071"},"modified":"2023-03-10T17:19:41","modified_gmt":"2023-03-10T17:19:41","slug":"impressum","status":"publish","type":"page","link":"https:\/\/chinamedi.ch\/index.php\/impressum\/","title":{"rendered":"Impressum"},"content":{"rendered":"<p><strong>Impressum<\/strong><\/p>\n<p><strong>Kontaktadresse<\/strong><\/p>\n<p>China Medi TCM Bern<br \/>\nStapfenm\u00e4rit 7<br \/>\n3098 K\u00f6niz<br \/>\nmail@chinamedi.ch<\/p>\n<p><strong>Haftungsausschluss<\/strong><\/p>\n<p>Der Webseitenbetreiber \u00fcbernimmt keine Gew\u00e4hr bez\u00fcglich der inhaltlichen Korrektheit, Exaktheit, Aktualit\u00e4t, Vollst\u00e4ndigkeit oder Zuverl\u00e4ssigkeit der ver\u00f6ffentlichten Informationen.<\/p>\n<p>Haftungsanspr\u00fcche gegen den Webseitenbetreiber wegen materieller oder immaterieller Sch\u00e4den jeglicher Art, welche aus dem Besuch, der Nutzung oder auch Nichtnutzung der zur Verf\u00fcgung gestellten Daten, durch einen falschen Gebrauch der Internetverbindung oder durch eventuelle technische Fehler entstanden sind, werden ausgeschlossen.<\/p>\n<p>Alle ver\u00f6ffentlichten Angebote haben einen unverbindlichen Charakter. Der Webseitenbetreiber hat das Recht, Teile von Webseiten oder auch den gesamten Inhalt ohne vorherige Ank\u00fcndigung zu \u00e4ndern, zu erg\u00e4nzen, zu l\u00f6schen oder die Publikation teilweise oder komplett einzustellen.<\/p>\n<p><strong>Haftung f\u00fcr Links<\/strong><\/p>\n<p>Links auf Webseiten von Drittanbietern, sowie Verweise darauf, liegen au\u00dferhalb des Verantwortungsbereichs des Webseitenbetreibers. Jegliche Verantwortung f\u00fcr die Inhalte dieser Webseiten wird abgelehnt. Wer auf von Drittanbietern zugreift, diese besucht oder nutzt, tut dies auf eigene Gefahr.<\/p>\n<p><strong>Urheberrechte<\/strong><\/p>\n<p>Das Urheberrecht sowie alle anderen Rechte an Texten, Bildern, Fotos oder Dateien auf der Webseite geh\u00f6ren ausschlie\u00dflich den Webseitenbetreiber oder den angef\u00fchrten Rechteinhabern. Die Reproduktion von Elementen bedarf der schriftlichen Zustimmung der Urheberrechtstr\u00e4ger.<\/p>\n<p>Quelle: SwissAnwalt<\/p>\n<p>&nbsp;<\/p>\n","protected":false},"excerpt":{"rendered":"<p>Impressum Kontaktadresse China Medi TCM Bern Stapfenm\u00e4rit 7 3098 K\u00f6niz mail@chinamedi.ch Haftungsausschluss Der Webseitenbetreiber \u00fcbernimmt keine Gew\u00e4hr bez\u00fcglich der inhaltlichen Korrektheit, Exaktheit, Aktualit\u00e4t, Vollst\u00e4ndigkeit oder Zuverl\u00e4ssigkeit der ver\u00f6ffentlichten Informationen. Haftungsanspr\u00fcche gegen den Webseitenbetreiber wegen materieller oder immaterieller Sch\u00e4den jeglicher Art, [&hellip;]<\/p>\n","protected":false},"author":2,"featured_media":0,"parent":0,"menu_order":0,"comment_status":"closed","ping_status":"closed","template":"","meta":{"_joinchat":[],"footnotes":""},"class_list":["post-4071","page","type-page","status-publish","hentry"],"yoast_head":"<!-- This site is optimized with the Yoast SEO Premium plugin v20.0 (Yoast SEO v20.0) - https:\/\/yoast.com\/wordpress\/plugins\/seo\/ -->\n<title>Impressum - Chinamedi.ch<\/title>\n<meta name=\"robots\" content=\"index, follow, max-snippet:-1, max-image-preview:large, max-video-preview:-1\" \/>\n<link rel=\"canonical\" href=\"https:\/\/chinamedi.ch\/index.php\/impressum\/\" \/>\n<meta property=\"og:locale\" content=\"fr_FR\" \/>\n<meta property=\"og:type\" content=\"article\" \/>\n<meta property=\"og:title\" content=\"Impressum\" \/>\n<meta property=\"og:description\" content=\"Impressum Kontaktadresse China Medi TCM Bern Stapfenm\u00e4rit 7 3098 K\u00f6niz mail@chinamedi.ch Haftungsausschluss Der Webseitenbetreiber \u00fcbernimmt keine Gew\u00e4hr bez\u00fcglich der inhaltlichen Korrektheit, Exaktheit, Aktualit\u00e4t, Vollst\u00e4ndigkeit oder Zuverl\u00e4ssigkeit der ver\u00f6ffentlichten Informationen. Haftungsanspr\u00fcche gegen den Webseitenbetreiber wegen materieller oder immaterieller Sch\u00e4den jeglicher Art, [&hellip;]\" \/>\n<meta property=\"og:url\" content=\"https:\/\/chinamedi.ch\/index.php\/impressum\/\" \/>\n<meta property=\"og:site_name\" content=\"Chinamedi.ch\" \/>\n<meta property=\"article:modified_time\" content=\"2023-03-10T17:19:41+00:00\" \/>\n<meta name=\"twitter:card\" content=\"summary_large_image\" \/>\n<meta name=\"twitter:label1\" content=\"Dur\u00e9e de lecture estim\u00e9e\" \/>\n\t<meta name=\"twitter:data1\" content=\"2 minutes\" \/>\n<script type=\"application\/ld+json\" class=\"yoast-schema-graph\">{\"@context\":\"https:\/\/schema.org\",\"@graph\":[{\"@type\":\"WebPage\",\"@id\":\"https:\/\/chinamedi.ch\/index.php\/impressum\/\",\"url\":\"https:\/\/chinamedi.ch\/index.php\/impressum\/\",\"name\":\"Impressum - Chinamedi.ch\",\"isPartOf\":{\"@id\":\"https:\/\/chinamedi.ch\/#website\"},\"datePublished\":\"2023-03-10T17:14:03+00:00\",\"dateModified\":\"2023-03-10T17:19:41+00:00\",\"breadcrumb\":{\"@id\":\"https:\/\/chinamedi.ch\/index.php\/impressum\/#breadcrumb\"},\"inLanguage\":\"fr-FR\",\"potentialAction\":[{\"@type\":\"ReadAction\",\"target\":[\"https:\/\/chinamedi.ch\/index.php\/impressum\/\"]}]},{\"@type\":\"BreadcrumbList\",\"@id\":\"https:\/\/chinamedi.ch\/index.php\/impressum\/#breadcrumb\",\"itemListElement\":[{\"@type\":\"ListItem\",\"position\":1,\"name\":\"Home\",\"item\":\"https:\/\/chinamedi.ch\/\"},{\"@type\":\"ListItem\",\"position\":2,\"name\":\"Impressum\"}]},{\"@type\":\"WebSite\",\"@id\":\"https:\/\/chinamedi.ch\/#website\",\"url\":\"https:\/\/chinamedi.ch\/\",\"name\":\"Chinamedi.ch\",\"description\":\"\",\"potentialAction\":[{\"@type\":\"SearchAction\",\"target\":{\"@type\":\"EntryPoint\",\"urlTemplate\":\"https:\/\/chinamedi.ch\/?s={search_term_string}\"},\"query-input\":\"required name=search_term_string\"}],\"inLanguage\":\"fr-FR\"}]}<\/script>\n<!-- \/ Yoast SEO Premium plugin. -->","yoast_head_json":{"title":"Impressum - Chinamedi.ch","robots":{"index":"index","follow":"follow","max-snippet":"max-snippet:-1","max-image-preview":"max-image-preview:large","max-video-preview":"max-video-preview:-1"},"canonical":"https:\/\/chinamedi.ch\/index.php\/impressum\/","og_locale":"fr_FR","og_type":"article","og_title":"Impressum","og_description":"Impressum Kontaktadresse China Medi TCM Bern Stapfenm\u00e4rit 7 3098 K\u00f6niz mail@chinamedi.ch Haftungsausschluss Der Webseitenbetreiber \u00fcbernimmt keine Gew\u00e4hr bez\u00fcglich der inhaltlichen Korrektheit, Exaktheit, Aktualit\u00e4t, Vollst\u00e4ndigkeit oder Zuverl\u00e4ssigkeit der ver\u00f6ffentlichten Informationen. Haftungsanspr\u00fcche gegen den Webseitenbetreiber wegen materieller oder immaterieller Sch\u00e4den jeglicher Art, [&hellip;]","og_url":"https:\/\/chinamedi.ch\/index.php\/impressum\/","og_site_name":"Chinamedi.ch","article_modified_time":"2023-03-10T17:19:41+00:00","twitter_card":"summary_large_image","twitter_misc":{"Dur\u00e9e de lecture estim\u00e9e":"2 minutes"},"schema":{"@context":"https:\/\/schema.org","@graph":[{"@type":"WebPage","@id":"https:\/\/chinamedi.ch\/index.php\/impressum\/","url":"https:\/\/chinamedi.ch\/index.php\/impressum\/","name":"Impressum - Chinamedi.ch","isPartOf":{"@id":"https:\/\/chinamedi.ch\/#website"},"datePublished":"2023-03-10T17:14:03+00:00","dateModified":"2023-03-10T17:19:41+00:00","breadcrumb":{"@id":"https:\/\/chinamedi.ch\/index.php\/impressum\/#breadcrumb"},"inLanguage":"fr-FR","potentialAction":[{"@type":"ReadAction","target":["https:\/\/chinamedi.ch\/index.php\/impressum\/"]}]},{"@type":"BreadcrumbList","@id":"https:\/\/chinamedi.ch\/index.php\/impressum\/#breadcrumb","itemListElement":[{"@type":"ListItem","position":1,"name":"Home","item":"https:\/\/chinamedi.ch\/"},{"@type":"ListItem","position":2,"name":"Impressum"}]},{"@type":"WebSite","@id":"https:\/\/chinamedi.ch\/#website","url":"https:\/\/chinamedi.ch\/","name":"Chinamedi.ch","description":"","potentialAction":[{"@type":"SearchAction","target":{"@type":"EntryPoint","urlTemplate":"https:\/\/chinamedi.ch\/?s={search_term_string}"},"query-input":"required name=search_term_string"}],"inLanguage":"fr-FR"}]}},"_links":{"self":[{"href":"https:\/\/chinamedi.ch\/index.php\/wp-json\/wp\/v2\/pages\/4071","targetHints":{"allow":["GET"]}}],"collection":[{"href":"https:\/\/chinamedi.ch\/index.php\/wp-json\/wp\/v2\/pages"}],"about":[{"href":"https:\/\/chinamedi.ch\/index.php\/wp-json\/wp\/v2\/types\/page"}],"author":[{"embeddable":true,"href":"https:\/\/chinamedi.ch\/index.php\/wp-json\/wp\/v2\/users\/2"}],"replies":[{"embeddable":true,"href":"https:\/\/chinamedi.ch\/index.php\/wp-json\/wp\/v2\/comments?post=4071"}],"version-history":[{"count":2,"href":"https:\/\/chinamedi.ch\/index.php\/wp-json\/wp\/v2\/pages\/4071\/revisions"}],"predecessor-version":[{"id":4084,"href":"https:\/\/chinamedi.ch\/index.php\/wp-json\/wp\/v2\/pages\/4071\/revisions\/4084"}],"wp:attachment":[{"href":"https:\/\/chinamedi.ch\/index.php\/wp-json\/wp\/v2\/media?parent=4071"}],"curies":[{"name":"wp","href":"https:\/\/api.w.org\/{rel}","templated":true}]}}