{"id":3867,"date":"2023-02-24T15:15:56","date_gmt":"2023-02-24T15:15:56","guid":{"rendered":"http:\/\/chinamedi.ch\/?page_id=3867"},"modified":"2023-03-04T17:27:55","modified_gmt":"2023-03-04T17:27:55","slug":"unsere-team","status":"publish","type":"page","link":"https:\/\/chinamedi.ch\/index.php\/unsere-team\/","title":{"rendered":"Unsere Team"},"content":{"rendered":"<div class=\"standard_wrapper\">\n<div  class=\"one_half withsmallpadding ppb_text\" style=\"text-align:left;padding:40px 0 40px 0;\" >\n<div class=\"standard_wrapper\">\n<div class=\"page_content_wrapper wide\">\n<div class=\"inner\">\n<div style=\"margin:auto;width:100%\">\n<p><img loading=\"lazy\" decoding=\"async\" loading=\"lazy\" class=\"alignleft wp-image-3852 size-medium\" src=\"http:\/\/chinamedi.ch\/wp-content\/uploads\/2023\/02\/Shubi-1-225x300.jpg\" alt=\"\" width=\"225\" height=\"300\" \/><\/p>\n<h2>Shuping Wang<\/h2>\n<p class=\"font_8\" style=\"color: rgb(var(--color_15)); text-align: left;\">Therapeutin der traditionellen chinesischen Medizin\u00a0Frau Wang hat in China eine mehrj\u00e4hrige Ausbildung absolviert. Ihr Spezialgebiet ist die chinesische Tui-Na Massage. Gegen M\u00fcdigkeit, Muskel- und Kopfschmerzen, Antriebslosigkeit.<\/p>\n<p class=\"font_8\" style=\"color: rgb(var(--color_15)); text-align: left;\">Mit der Zusatzversicherung f\u00fcr Komplement\u00e4rmedizin ist Frau Wang bei Krankenkassen anerkannt.<\/p>\n<div id=\"comp-laie1mfk\" class=\"KcpHeO tz5f0K comp-laie1mfk wixui-text\" style=\"color: #000000;\" data-testid=\"richTextElement\">\n<p class=\"font_8\" style=\"color: rgb(var(--color_15)); text-align: left;\">\n<\/div>\n<\/div>\n<\/div>\n<\/div>\n<\/div>\n<\/div>\n<\/div>\n<div class=\"standard_wrapper\">\n<div  class=\"one_half last withsmallpadding ppb_text\" style=\"text-align:left;padding:40px 0 40px 0;\" >\n<div class=\"standard_wrapper\">\n<div class=\"page_content_wrapper wide\">\n<div class=\"inner\">\n<div style=\"margin:auto;width:100%\">\n<p><img loading=\"lazy\" decoding=\"async\" loading=\"lazy\" class=\"alignleft wp-image-3866 size-medium\" src=\"http:\/\/chinamedi.ch\/wp-content\/uploads\/2023\/02\/dianderi-1-225x300.jpg\" alt=\"\" width=\"225\" height=\"300\" \/><\/p>\n<h2 style=\"text-align: left;\">Xiucai Zhang<\/h2>\n<div id=\"comp-laie1mg2\" class=\"KcpHeO tz5f0K comp-laie1mg2 wixui-text\" style=\"color: #000000;\" data-testid=\"richTextElement\">\n<p class=\"font_8\" style=\"color: rgb(var(--color_15)); text-align: left;\">Therapeutin der traditionellen chinesischen Medizin\u00a0Frau Zhang hat \u00fcber 40 Jahren Erfahrung in Akupunktur, Anmo\/Tuina \u2013 Massage, Elektroakupunktur, Schr\u00f6pfen, Moxa\/Moxibustion (Erw\u00e4rmung von speziellen Punkten des K\u00f6rpers). Spezialistin gegen Diabetis, Bluthochdruck, \u00dcbergewicht, Frauenleiden, Migr\u00e4ne und Schlafst\u00f6rungen.<\/p>\n<\/div>\n<\/div>\n<\/div>\n<\/div>\n<\/div>\n<\/div>\n<\/div>\n","protected":false},"excerpt":{"rendered":"<p>Shuping Wang Therapeutin der traditionellen chinesischen Medizin\u00a0Frau Wang hat in China eine mehrj\u00e4hrige Ausbildung absolviert. Ihr Spezialgebiet ist die chinesische Tui-Na Massage. Gegen M\u00fcdigkeit, Muskel- und Kopfschmerzen, Antriebslosigkeit. Mit der Zusatzversicherung f\u00fcr Komplement\u00e4rmedizin ist Frau Wang bei Krankenkassen anerkannt. Xiucai [&hellip;]<\/p>\n","protected":false},"author":2,"featured_media":3939,"parent":0,"menu_order":0,"comment_status":"closed","ping_status":"closed","template":"","meta":{"_joinchat":[],"footnotes":""},"class_list":["post-3867","page","type-page","status-publish","has-post-thumbnail","hentry"],"yoast_head":"<!-- This site is optimized with the Yoast SEO Premium plugin v20.0 (Yoast SEO v20.0) - https:\/\/yoast.com\/wordpress\/plugins\/seo\/ -->\n<title>Unsere Team - Chinamedi.ch<\/title>\n<meta name=\"robots\" content=\"index, follow, max-snippet:-1, max-image-preview:large, max-video-preview:-1\" \/>\n<link rel=\"canonical\" href=\"https:\/\/chinamedi.ch\/index.php\/unsere-team\/\" \/>\n<meta property=\"og:locale\" content=\"fr_FR\" \/>\n<meta property=\"og:type\" content=\"article\" \/>\n<meta property=\"og:title\" content=\"Unsere Team\" \/>\n<meta property=\"og:description\" content=\"Shuping Wang Therapeutin der traditionellen chinesischen Medizin\u00a0Frau Wang hat in China eine mehrj\u00e4hrige Ausbildung absolviert. Ihr Spezialgebiet ist die chinesische Tui-Na Massage. Gegen M\u00fcdigkeit, Muskel- und Kopfschmerzen, Antriebslosigkeit. Mit der Zusatzversicherung f\u00fcr Komplement\u00e4rmedizin ist Frau Wang bei Krankenkassen anerkannt. Xiucai [&hellip;]\" \/>\n<meta property=\"og:url\" content=\"https:\/\/chinamedi.ch\/index.php\/unsere-team\/\" \/>\n<meta property=\"og:site_name\" content=\"Chinamedi.ch\" \/>\n<meta property=\"article:modified_time\" content=\"2023-03-04T17:27:55+00:00\" \/>\n<meta property=\"og:image\" content=\"https:\/\/chinamedi.ch\/wp-content\/uploads\/2023\/03\/Adsiz-tasarim-70-1024x373.png\" \/>\n\t<meta property=\"og:image:width\" content=\"1024\" \/>\n\t<meta property=\"og:image:height\" content=\"373\" \/>\n\t<meta property=\"og:image:type\" content=\"image\/png\" \/>\n<meta name=\"twitter:card\" content=\"summary_large_image\" \/>\n<script type=\"application\/ld+json\" class=\"yoast-schema-graph\">{\"@context\":\"https:\/\/schema.org\",\"@graph\":[{\"@type\":\"WebPage\",\"@id\":\"https:\/\/chinamedi.ch\/index.php\/unsere-team\/\",\"url\":\"https:\/\/chinamedi.ch\/index.php\/unsere-team\/\",\"name\":\"Unsere Team - Chinamedi.ch\",\"isPartOf\":{\"@id\":\"https:\/\/chinamedi.ch\/#website\"},\"datePublished\":\"2023-02-24T15:15:56+00:00\",\"dateModified\":\"2023-03-04T17:27:55+00:00\",\"breadcrumb\":{\"@id\":\"https:\/\/chinamedi.ch\/index.php\/unsere-team\/#breadcrumb\"},\"inLanguage\":\"fr-FR\",\"potentialAction\":[{\"@type\":\"ReadAction\",\"target\":[\"https:\/\/chinamedi.ch\/index.php\/unsere-team\/\"]}]},{\"@type\":\"BreadcrumbList\",\"@id\":\"https:\/\/chinamedi.ch\/index.php\/unsere-team\/#breadcrumb\",\"itemListElement\":[{\"@type\":\"ListItem\",\"position\":1,\"name\":\"Home\",\"item\":\"https:\/\/chinamedi.ch\/\"},{\"@type\":\"ListItem\",\"position\":2,\"name\":\"Unsere Team\"}]},{\"@type\":\"WebSite\",\"@id\":\"https:\/\/chinamedi.ch\/#website\",\"url\":\"https:\/\/chinamedi.ch\/\",\"name\":\"Chinamedi.ch\",\"description\":\"\",\"potentialAction\":[{\"@type\":\"SearchAction\",\"target\":{\"@type\":\"EntryPoint\",\"urlTemplate\":\"https:\/\/chinamedi.ch\/?s={search_term_string}\"},\"query-input\":\"required name=search_term_string\"}],\"inLanguage\":\"fr-FR\"}]}<\/script>\n<!-- \/ Yoast SEO Premium plugin. -->","yoast_head_json":{"title":"Unsere Team - Chinamedi.ch","robots":{"index":"index","follow":"follow","max-snippet":"max-snippet:-1","max-image-preview":"max-image-preview:large","max-video-preview":"max-video-preview:-1"},"canonical":"https:\/\/chinamedi.ch\/index.php\/unsere-team\/","og_locale":"fr_FR","og_type":"article","og_title":"Unsere Team","og_description":"Shuping Wang Therapeutin der traditionellen chinesischen Medizin\u00a0Frau Wang hat in China eine mehrj\u00e4hrige Ausbildung absolviert. Ihr Spezialgebiet ist die chinesische Tui-Na Massage. Gegen M\u00fcdigkeit, Muskel- und Kopfschmerzen, Antriebslosigkeit. Mit der Zusatzversicherung f\u00fcr Komplement\u00e4rmedizin ist Frau Wang bei Krankenkassen anerkannt. Xiucai [&hellip;]","og_url":"https:\/\/chinamedi.ch\/index.php\/unsere-team\/","og_site_name":"Chinamedi.ch","article_modified_time":"2023-03-04T17:27:55+00:00","og_image":[{"width":1024,"height":373,"url":"https:\/\/chinamedi.ch\/wp-content\/uploads\/2023\/03\/Adsiz-tasarim-70-1024x373.png","type":"image\/png"}],"twitter_card":"summary_large_image","schema":{"@context":"https:\/\/schema.org","@graph":[{"@type":"WebPage","@id":"https:\/\/chinamedi.ch\/index.php\/unsere-team\/","url":"https:\/\/chinamedi.ch\/index.php\/unsere-team\/","name":"Unsere Team - Chinamedi.ch","isPartOf":{"@id":"https:\/\/chinamedi.ch\/#website"},"datePublished":"2023-02-24T15:15:56+00:00","dateModified":"2023-03-04T17:27:55+00:00","breadcrumb":{"@id":"https:\/\/chinamedi.ch\/index.php\/unsere-team\/#breadcrumb"},"inLanguage":"fr-FR","potentialAction":[{"@type":"ReadAction","target":["https:\/\/chinamedi.ch\/index.php\/unsere-team\/"]}]},{"@type":"BreadcrumbList","@id":"https:\/\/chinamedi.ch\/index.php\/unsere-team\/#breadcrumb","itemListElement":[{"@type":"ListItem","position":1,"name":"Home","item":"https:\/\/chinamedi.ch\/"},{"@type":"ListItem","position":2,"name":"Unsere Team"}]},{"@type":"WebSite","@id":"https:\/\/chinamedi.ch\/#website","url":"https:\/\/chinamedi.ch\/","name":"Chinamedi.ch","description":"","potentialAction":[{"@type":"SearchAction","target":{"@type":"EntryPoint","urlTemplate":"https:\/\/chinamedi.ch\/?s={search_term_string}"},"query-input":"required name=search_term_string"}],"inLanguage":"fr-FR"}]}},"_links":{"self":[{"href":"https:\/\/chinamedi.ch\/index.php\/wp-json\/wp\/v2\/pages\/3867","targetHints":{"allow":["GET"]}}],"collection":[{"href":"https:\/\/chinamedi.ch\/index.php\/wp-json\/wp\/v2\/pages"}],"about":[{"href":"https:\/\/chinamedi.ch\/index.php\/wp-json\/wp\/v2\/types\/page"}],"author":[{"embeddable":true,"href":"https:\/\/chinamedi.ch\/index.php\/wp-json\/wp\/v2\/users\/2"}],"replies":[{"embeddable":true,"href":"https:\/\/chinamedi.ch\/index.php\/wp-json\/wp\/v2\/comments?post=3867"}],"version-history":[{"count":34,"href":"https:\/\/chinamedi.ch\/index.php\/wp-json\/wp\/v2\/pages\/3867\/revisions"}],"predecessor-version":[{"id":3940,"href":"https:\/\/chinamedi.ch\/index.php\/wp-json\/wp\/v2\/pages\/3867\/revisions\/3940"}],"wp:featuredmedia":[{"embeddable":true,"href":"https:\/\/chinamedi.ch\/index.php\/wp-json\/wp\/v2\/media\/3939"}],"wp:attachment":[{"href":"https:\/\/chinamedi.ch\/index.php\/wp-json\/wp\/v2\/media?parent=3867"}],"curies":[{"name":"wp","href":"https:\/\/api.w.org\/{rel}","templated":true}]}}