{"id":3815,"date":"2023-02-23T10:03:50","date_gmt":"2023-02-23T10:03:50","guid":{"rendered":"http:\/\/chinamedi.ch\/?page_id=3815"},"modified":"2023-03-08T06:39:49","modified_gmt":"2023-03-08T06:39:49","slug":"unsere-filiale","status":"publish","type":"page","link":"https:\/\/chinamedi.ch\/index.php\/unsere-filiale\/","title":{"rendered":"Unsere Filiale"},"content":{"rendered":"<div  class=\"one withsmallpadding ppb_header \" style=\"text-align:left;padding:40px 0 40px 0;\" >\n<div class=\"standard_wrapper\">\n<div class=\"page_content_wrapper wide\">\n<div class=\"inner\">\n<div style=\"margin:auto;width:100%\">\n<h2 class=\"ppb_title\" style=\"\">Praxen<\/h2>\n<div class=\"ppb_header_content\">\n<div id=\"comp-lav90xlh\" class=\"KcpHeO tz5f0K comp-lav90xlh wixui-text\" style=\"color: #000000;\" data-testid=\"richTextElement\">\n<h2 class=\"font_2\" style=\"color: rgb(var(--color_15));\">im\u00a0<span style=\"font-weight: bold;\">Localmed \u00c4rztezentrum K\u00f6niz<\/span><\/h2>\n<\/div>\n<div id=\"comp-l9op3vga1\" class=\"BaOVQ8 tz5f0K comp-l9op3vga1 wixui-text\" style=\"color: #000000;\" data-testid=\"richTextElement\">\n<p class=\"font_9\" style=\"color: rgb(var(--color_15));\"><span class=\"color_15\" style=\"color: rgb(var(--color_15));\">Stapfenm\u00e4rit 7, 3098 K\u00f6niz<\/span><\/p>\n<\/div>\n<div id=\"comp-l9op3vgb1\" class=\"KcpHeO tz5f0K comp-l9op3vgb1 wixui-text\" style=\"color: #000000;\" data-testid=\"richTextElement\">\n<p class=\"font_9\" style=\"color: rgb(var(--color_15));\"><span class=\"color_15\" style=\"color: rgb(var(--color_15));\">N: 078 681 10 36<\/span><\/p>\n<p class=\"font_9\" style=\"color: rgb(var(--color_15));\"><span class=\"color_15\" style=\"color: rgb(var(--color_15));\">T: 031 972 22 93<\/span><\/p>\n<p><img loading=\"lazy\" decoding=\"async\" loading=\"lazy\" class=\"alignnone size-full wp-image-3823\" src=\"http:\/\/chinamedi.ch\/wp-content\/uploads\/2023\/02\/400a2c_ebc55a34025c42b3808b1f9748d8d0b7_mv2-1.webp\" alt=\"\" width=\"708\" height=\"368\" \/><\/p>\n<\/div>\n<div id=\"comp-lavjhrg3\" class=\"comp-lavjhrg3 MazNVa\" style=\"color: #000000;\" title=\"koeniz.jpg\">\n<div class=\"j7pOnl\" data-testid=\"linkElement\">\n<div id=\"comp-lavix0ma\" class=\"KcpHeO tz5f0K comp-lavix0ma wixui-text\" data-testid=\"richTextElement\">\n<h2 class=\"font_2\" style=\"color: rgb(var(--color_15));\"><span style=\"font-weight: bold;\">Wegbeschrieb<\/span><\/h2>\n<p class=\"font_8\" style=\"color: rgb(var(--color_15));\">Vom Bahnhof Bern mit dem Bus Nr. 10 Richtung K\u00f6niz bis Haltestelle K\u00f6niz Zentrum oder mit der S-Bahn Richtung Schwarzenburg bis Haltestelle K\u00f6niz. Danach zwei bis f\u00fcnf Minuten zu Fuss zum Einkaufszentrum Stapfenm\u00e4rit bei Localmedi \u00c4rztezentrum K\u00f6niz. \u00dcber die Treppe zwischen Coop und Post oder mit den Lift (im Coop) in den ersten Stock.<\/p>\n<\/div>\n<\/div>\n<\/div>\n<\/div>\n<\/div>\n<\/div>\n<\/div>\n<\/div>\n<\/div>\n<div class=\"standard_wrapper\">\n<div  class=\"one_half withsmallpadding ppb_text\" style=\"text-align:center;padding:40px 0 40px 0;\" >\n<div class=\"standard_wrapper\">\n<div class=\"page_content_wrapper wide\">\n<div class=\"inner\">\n<div style=\"margin:auto;width:100%\">\n<p><iframe src=\"https:\/\/www.google.com\/maps\/embed?pb=!1m18!1m12!1m3!1d697819.5090261628!2d7.05520539623021!3d46.905521667754485!2m3!1f0!2f0!3f0!3m2!1i1024!2i768!4f13.1!3m3!1m2!1s0x478e397828e9c8c9%3A0x706cdd831456fbb0!2sChina%20Medi%20TCM%20Bern!5e0!3m2!1sen!2str!4v1677260944370!5m2!1sen!2str\" width=\"1200\" height=\"450\" style=\"border:0;\" allowfullscreen=\"\" loading=\"lazy\" referrerpolicy=\"no-referrer-when-downgrade\"><\/iframe><\/p>\n<\/div>\n<\/div>\n<\/div>\n<\/div>\n<\/div>\n<\/div>\n","protected":false},"excerpt":{"rendered":"<p>Praxen im\u00a0Localmed \u00c4rztezentrum K\u00f6niz Stapfenm\u00e4rit 7, 3098 K\u00f6niz N: 078 681 10 36 T: 031 972 22 93 Wegbeschrieb Vom Bahnhof Bern mit dem Bus Nr. 10 Richtung K\u00f6niz bis Haltestelle K\u00f6niz Zentrum oder mit der S-Bahn Richtung Schwarzenburg bis [&hellip;]<\/p>\n","protected":false},"author":2,"featured_media":3939,"parent":0,"menu_order":0,"comment_status":"closed","ping_status":"closed","template":"","meta":{"_joinchat":[],"footnotes":""},"class_list":["post-3815","page","type-page","status-publish","has-post-thumbnail","hentry"],"yoast_head":"<!-- This site is optimized with the Yoast SEO Premium plugin v20.0 (Yoast SEO v20.0) - https:\/\/yoast.com\/wordpress\/plugins\/seo\/ -->\n<title>Unsere Filiale - Chinamedi.ch<\/title>\n<meta name=\"robots\" content=\"index, follow, max-snippet:-1, max-image-preview:large, max-video-preview:-1\" \/>\n<link rel=\"canonical\" href=\"https:\/\/chinamedi.ch\/index.php\/unsere-filiale\/\" \/>\n<meta property=\"og:locale\" content=\"fr_FR\" \/>\n<meta property=\"og:type\" content=\"article\" \/>\n<meta property=\"og:title\" content=\"Unsere Filiale\" \/>\n<meta property=\"og:description\" content=\"Praxen im\u00a0Localmed \u00c4rztezentrum K\u00f6niz Stapfenm\u00e4rit 7, 3098 K\u00f6niz N: 078 681 10 36 T: 031 972 22 93 Wegbeschrieb Vom Bahnhof Bern mit dem Bus Nr. 10 Richtung K\u00f6niz bis Haltestelle K\u00f6niz Zentrum oder mit der S-Bahn Richtung Schwarzenburg bis [&hellip;]\" \/>\n<meta property=\"og:url\" content=\"https:\/\/chinamedi.ch\/index.php\/unsere-filiale\/\" \/>\n<meta property=\"og:site_name\" content=\"Chinamedi.ch\" \/>\n<meta property=\"article:modified_time\" content=\"2023-03-08T06:39:49+00:00\" \/>\n<meta property=\"og:image\" content=\"https:\/\/chinamedi.ch\/wp-content\/uploads\/2023\/03\/Adsiz-tasarim-70-1024x373.png\" \/>\n\t<meta property=\"og:image:width\" content=\"1024\" \/>\n\t<meta property=\"og:image:height\" content=\"373\" \/>\n\t<meta property=\"og:image:type\" content=\"image\/png\" \/>\n<meta name=\"twitter:card\" content=\"summary_large_image\" \/>\n<meta name=\"twitter:label1\" content=\"Dur\u00e9e de lecture estim\u00e9e\" \/>\n\t<meta name=\"twitter:data1\" content=\"1 minute\" \/>\n<script type=\"application\/ld+json\" class=\"yoast-schema-graph\">{\"@context\":\"https:\/\/schema.org\",\"@graph\":[{\"@type\":\"WebPage\",\"@id\":\"https:\/\/chinamedi.ch\/index.php\/unsere-filiale\/\",\"url\":\"https:\/\/chinamedi.ch\/index.php\/unsere-filiale\/\",\"name\":\"Unsere Filiale - Chinamedi.ch\",\"isPartOf\":{\"@id\":\"https:\/\/chinamedi.ch\/#website\"},\"datePublished\":\"2023-02-23T10:03:50+00:00\",\"dateModified\":\"2023-03-08T06:39:49+00:00\",\"breadcrumb\":{\"@id\":\"https:\/\/chinamedi.ch\/index.php\/unsere-filiale\/#breadcrumb\"},\"inLanguage\":\"fr-FR\",\"potentialAction\":[{\"@type\":\"ReadAction\",\"target\":[\"https:\/\/chinamedi.ch\/index.php\/unsere-filiale\/\"]}]},{\"@type\":\"BreadcrumbList\",\"@id\":\"https:\/\/chinamedi.ch\/index.php\/unsere-filiale\/#breadcrumb\",\"itemListElement\":[{\"@type\":\"ListItem\",\"position\":1,\"name\":\"Home\",\"item\":\"https:\/\/chinamedi.ch\/\"},{\"@type\":\"ListItem\",\"position\":2,\"name\":\"Unsere Filiale\"}]},{\"@type\":\"WebSite\",\"@id\":\"https:\/\/chinamedi.ch\/#website\",\"url\":\"https:\/\/chinamedi.ch\/\",\"name\":\"Chinamedi.ch\",\"description\":\"\",\"potentialAction\":[{\"@type\":\"SearchAction\",\"target\":{\"@type\":\"EntryPoint\",\"urlTemplate\":\"https:\/\/chinamedi.ch\/?s={search_term_string}\"},\"query-input\":\"required name=search_term_string\"}],\"inLanguage\":\"fr-FR\"}]}<\/script>\n<!-- \/ Yoast SEO Premium plugin. -->","yoast_head_json":{"title":"Unsere Filiale - Chinamedi.ch","robots":{"index":"index","follow":"follow","max-snippet":"max-snippet:-1","max-image-preview":"max-image-preview:large","max-video-preview":"max-video-preview:-1"},"canonical":"https:\/\/chinamedi.ch\/index.php\/unsere-filiale\/","og_locale":"fr_FR","og_type":"article","og_title":"Unsere Filiale","og_description":"Praxen im\u00a0Localmed \u00c4rztezentrum K\u00f6niz Stapfenm\u00e4rit 7, 3098 K\u00f6niz N: 078 681 10 36 T: 031 972 22 93 Wegbeschrieb Vom Bahnhof Bern mit dem Bus Nr. 10 Richtung K\u00f6niz bis Haltestelle K\u00f6niz Zentrum oder mit der S-Bahn Richtung Schwarzenburg bis [&hellip;]","og_url":"https:\/\/chinamedi.ch\/index.php\/unsere-filiale\/","og_site_name":"Chinamedi.ch","article_modified_time":"2023-03-08T06:39:49+00:00","og_image":[{"width":1024,"height":373,"url":"https:\/\/chinamedi.ch\/wp-content\/uploads\/2023\/03\/Adsiz-tasarim-70-1024x373.png","type":"image\/png"}],"twitter_card":"summary_large_image","twitter_misc":{"Dur\u00e9e de lecture estim\u00e9e":"1 minute"},"schema":{"@context":"https:\/\/schema.org","@graph":[{"@type":"WebPage","@id":"https:\/\/chinamedi.ch\/index.php\/unsere-filiale\/","url":"https:\/\/chinamedi.ch\/index.php\/unsere-filiale\/","name":"Unsere Filiale - Chinamedi.ch","isPartOf":{"@id":"https:\/\/chinamedi.ch\/#website"},"datePublished":"2023-02-23T10:03:50+00:00","dateModified":"2023-03-08T06:39:49+00:00","breadcrumb":{"@id":"https:\/\/chinamedi.ch\/index.php\/unsere-filiale\/#breadcrumb"},"inLanguage":"fr-FR","potentialAction":[{"@type":"ReadAction","target":["https:\/\/chinamedi.ch\/index.php\/unsere-filiale\/"]}]},{"@type":"BreadcrumbList","@id":"https:\/\/chinamedi.ch\/index.php\/unsere-filiale\/#breadcrumb","itemListElement":[{"@type":"ListItem","position":1,"name":"Home","item":"https:\/\/chinamedi.ch\/"},{"@type":"ListItem","position":2,"name":"Unsere Filiale"}]},{"@type":"WebSite","@id":"https:\/\/chinamedi.ch\/#website","url":"https:\/\/chinamedi.ch\/","name":"Chinamedi.ch","description":"","potentialAction":[{"@type":"SearchAction","target":{"@type":"EntryPoint","urlTemplate":"https:\/\/chinamedi.ch\/?s={search_term_string}"},"query-input":"required name=search_term_string"}],"inLanguage":"fr-FR"}]}},"_links":{"self":[{"href":"https:\/\/chinamedi.ch\/index.php\/wp-json\/wp\/v2\/pages\/3815","targetHints":{"allow":["GET"]}}],"collection":[{"href":"https:\/\/chinamedi.ch\/index.php\/wp-json\/wp\/v2\/pages"}],"about":[{"href":"https:\/\/chinamedi.ch\/index.php\/wp-json\/wp\/v2\/types\/page"}],"author":[{"embeddable":true,"href":"https:\/\/chinamedi.ch\/index.php\/wp-json\/wp\/v2\/users\/2"}],"replies":[{"embeddable":true,"href":"https:\/\/chinamedi.ch\/index.php\/wp-json\/wp\/v2\/comments?post=3815"}],"version-history":[{"count":43,"href":"https:\/\/chinamedi.ch\/index.php\/wp-json\/wp\/v2\/pages\/3815\/revisions"}],"predecessor-version":[{"id":4063,"href":"https:\/\/chinamedi.ch\/index.php\/wp-json\/wp\/v2\/pages\/3815\/revisions\/4063"}],"wp:featuredmedia":[{"embeddable":true,"href":"https:\/\/chinamedi.ch\/index.php\/wp-json\/wp\/v2\/media\/3939"}],"wp:attachment":[{"href":"https:\/\/chinamedi.ch\/index.php\/wp-json\/wp\/v2\/media?parent=3815"}],"curies":[{"name":"wp","href":"https:\/\/api.w.org\/{rel}","templated":true}]}}