{"id":3117,"date":"2017-06-06T09:48:47","date_gmt":"2017-06-06T09:48:47","guid":{"rendered":"https:\/\/themes.themegoods.com\/grandspa\/demo\/?page_id=3117"},"modified":"2023-03-10T17:29:45","modified_gmt":"2023-03-10T17:29:45","slug":"kontakt","status":"publish","type":"page","link":"https:\/\/chinamedi.ch\/index.php\/kontakt\/","title":{"rendered":"Kontakt"},"content":{"rendered":"<div  class=\"one withsmallpadding ppb_contact_box \" style=\"text-align:center;margin-top:-200px;\" >\n<div class=\"standard_wrapper\">\n<div class=\"page_content_wrapper wide\">\n<div class=\"inner\">\n<div class=\"inner_box theme_radius parallax\" style=\"width:65%;margin:auto;background:#ffffff;border:10px solid #efa697;padding:40px;\" data-stellar-ratio=\"1.2\">\n<h2 class=\"ppb_title\" style=\"\">Kontakt<\/h2>\n<div class=\"page_tagline\" style=\"\">Erleben Sie die Geheimnisse der Entspannung.<\/div>\n<div class=\"ppb_header_content\">\n<p><span class=\"ti-mobile\" style=\"margin-right:10px;\"><\/span>031 972 22 93 &#8211; 078 681 10 36<br \/>\n<span class=\"ti-location-pin\" style=\"margin-right:10px;\"><\/span>in Localmed \u00c4rztezentrum K\u00f6niz<br \/>\nStapfenm\u00e4rit 7 (bei Post und Coop)<br \/>\nPostfach 667<br \/>\n3098 K\u00f6niz<br \/>\n<span class=\"ti-alarm-clock\" style=\"margin-right:10px;\"><\/span>Montag-Samstag: 08:30 \u2013 19:30 Uhr , Sonntag: Geschlossen<\/p>\n<\/div>\n<div class=\"contact_form7_wrapper\">\n<div class=\"wpcf7 no-js\" id=\"wpcf7-f16-o1\" lang=\"de-DE\" dir=\"ltr\">\n<div class=\"screen-reader-response\">\n<p role=\"status\" aria-live=\"polite\" aria-atomic=\"true\">\n<ul><\/ul>\n<\/div>\n<form action=\"\/wp-admin\/post.php#wpcf7-f16-o1\" method=\"post\" class=\"wpcf7-form init\" aria-label=\"Kontaktformular\" novalidate=\"novalidate\" data-status=\"init\">\n<div style=\"display: none;\">\n<input type=\"hidden\" name=\"_wpcf7\" value=\"16\" \/><br \/>\n<input type=\"hidden\" name=\"_wpcf7_version\" value=\"5.7.3\" \/><br \/>\n<input type=\"hidden\" name=\"_wpcf7_locale\" value=\"de_DE\" \/><br \/>\n<input type=\"hidden\" name=\"_wpcf7_unit_tag\" value=\"wpcf7-f16-o1\" \/><br \/>\n<input type=\"hidden\" name=\"_wpcf7_container_post\" value=\"0\" \/><br \/>\n<input type=\"hidden\" name=\"_wpcf7_posted_data_hash\" value=\"\" \/>\n<\/div>\n<p><label> Name<br \/>\n<span class=\"wpcf7-form-control-wrap\" data-name=\"your-name\"><input size=\"40\" class=\"wpcf7-form-control wpcf7-text wpcf7-validates-as-required\" autocomplete=\"name\" aria-required=\"true\" aria-invalid=\"false\" value=\"\" type=\"text\" name=\"your-name\" \/><\/span> <\/label>\n<\/p>\n<p><label> E-Mail<br \/>\n<span class=\"wpcf7-form-control-wrap\" data-name=\"your-email\"><input size=\"40\" class=\"wpcf7-form-control wpcf7-text wpcf7-email wpcf7-validates-as-required wpcf7-validates-as-email\" autocomplete=\"email\" aria-required=\"true\" aria-invalid=\"false\" value=\"\" type=\"email\" name=\"your-email\" \/><\/span> <\/label>\n<\/p>\n<p><label> Betrifft<br \/>\n<span class=\"wpcf7-form-control-wrap\" data-name=\"your-subject\"><input size=\"40\" class=\"wpcf7-form-control wpcf7-text wpcf7-validates-as-required\" aria-required=\"true\" aria-invalid=\"false\" value=\"\" type=\"text\" name=\"your-subject\" \/><\/span> <\/label>\n<\/p>\n<p><label> Ihre Nachricht (optional)<br \/>\n<span class=\"wpcf7-form-control-wrap\" data-name=\"your-message\"><textarea cols=\"40\" rows=\"10\" class=\"wpcf7-form-control wpcf7-textarea\" aria-invalid=\"false\" name=\"your-message\"><\/textarea><\/span> <\/label>\n<\/p>\n<p><input class=\"wpcf7-form-control has-spinner wpcf7-submit\" type=\"submit\" value=\"Einreichen\" \/>\n<\/p>\n<div class=\"wpcf7-response-output\" aria-hidden=\"true\"><\/div>\n<\/form>\n<\/div>\n<\/div>\n<\/div>\n<\/div>\n<\/div>\n<\/div>\n<\/div>\n<div  class=\"one withsmallpadding ppb_text\" style=\"text-align:center;padding:40px 0 40px 0;\" >\n<div class=\"standard_wrapper\">\n<div class=\"page_content_wrapper wide\">\n<div class=\"inner\">\n<div style=\"margin:auto;width:100%\">\n<p><iframe src=\"https:\/\/www.google.com\/maps\/embed?pb=!1m18!1m12!1m3!1d697819.5090261628!2d7.05520539623021!3d46.905521667754485!2m3!1f0!2f0!3f0!3m2!1i1024!2i768!4f13.1!3m3!1m2!1s0x478e397828e9c8c9%3A0x706cdd831456fbb0!2sChina%20Medi%20TCM%20Bern!5e0!3m2!1sen!2str!4v1677260944370!5m2!1sen!2str\" width=\"1200\" height=\"450\" style=\"border:0;\" allowfullscreen=\"\" loading=\"lazy\" referrerpolicy=\"no-referrer-when-downgrade\"><\/iframe><\/p>\n<\/div>\n<\/div>\n<\/div>\n<\/div>\n<\/div>\n","protected":false},"excerpt":{"rendered":"<p>Kontakt Erleben Sie die Geheimnisse der Entspannung. 031 972 22 93 &#8211; 078 681 10 36 in Localmed \u00c4rztezentrum K\u00f6niz Stapfenm\u00e4rit 7 (bei Post und Coop) Postfach 667 3098 K\u00f6niz Montag-Samstag: 08:30 \u2013 19:30 Uhr , Sonntag: Geschlossen Name E-Mail [&hellip;]<\/p>\n","protected":false},"author":2,"featured_media":3939,"parent":0,"menu_order":0,"comment_status":"closed","ping_status":"closed","template":"","meta":{"_joinchat":[],"footnotes":""},"class_list":["post-3117","page","type-page","status-publish","has-post-thumbnail","hentry"],"yoast_head":"<!-- This site is optimized with the Yoast SEO Premium plugin v20.0 (Yoast SEO v20.0) - https:\/\/yoast.com\/wordpress\/plugins\/seo\/ -->\n<title>Kontakt - Chinamedi.ch<\/title>\n<meta name=\"robots\" content=\"index, follow, max-snippet:-1, max-image-preview:large, max-video-preview:-1\" \/>\n<link rel=\"canonical\" href=\"https:\/\/chinamedi.ch\/index.php\/kontakt\/\" \/>\n<meta property=\"og:locale\" content=\"fr_FR\" \/>\n<meta property=\"og:type\" content=\"article\" \/>\n<meta property=\"og:title\" content=\"Kontakt\" \/>\n<meta property=\"og:description\" content=\"Kontakt Erleben Sie die Geheimnisse der Entspannung. 031 972 22 93 &#8211; 078 681 10 36 in Localmed \u00c4rztezentrum K\u00f6niz Stapfenm\u00e4rit 7 (bei Post und Coop) Postfach 667 3098 K\u00f6niz Montag-Samstag: 08:30 \u2013 19:30 Uhr , Sonntag: Geschlossen Name E-Mail [&hellip;]\" \/>\n<meta property=\"og:url\" content=\"https:\/\/chinamedi.ch\/index.php\/kontakt\/\" \/>\n<meta property=\"og:site_name\" content=\"Chinamedi.ch\" \/>\n<meta property=\"article:modified_time\" content=\"2023-03-10T17:29:45+00:00\" \/>\n<meta property=\"og:image\" content=\"https:\/\/chinamedi.ch\/wp-content\/uploads\/2023\/03\/Adsiz-tasarim-70-1024x373.png\" \/>\n\t<meta property=\"og:image:width\" content=\"1024\" \/>\n\t<meta property=\"og:image:height\" content=\"373\" \/>\n\t<meta property=\"og:image:type\" content=\"image\/png\" \/>\n<meta name=\"twitter:card\" content=\"summary_large_image\" \/>\n<meta name=\"twitter:label1\" content=\"Dur\u00e9e de lecture estim\u00e9e\" \/>\n\t<meta name=\"twitter:data1\" content=\"1 minute\" \/>\n<script type=\"application\/ld+json\" class=\"yoast-schema-graph\">{\"@context\":\"https:\/\/schema.org\",\"@graph\":[{\"@type\":\"WebPage\",\"@id\":\"https:\/\/chinamedi.ch\/index.php\/kontakt\/\",\"url\":\"https:\/\/chinamedi.ch\/index.php\/kontakt\/\",\"name\":\"Kontakt - Chinamedi.ch\",\"isPartOf\":{\"@id\":\"https:\/\/chinamedi.ch\/#website\"},\"datePublished\":\"2017-06-06T09:48:47+00:00\",\"dateModified\":\"2023-03-10T17:29:45+00:00\",\"breadcrumb\":{\"@id\":\"https:\/\/chinamedi.ch\/index.php\/kontakt\/#breadcrumb\"},\"inLanguage\":\"fr-FR\",\"potentialAction\":[{\"@type\":\"ReadAction\",\"target\":[\"https:\/\/chinamedi.ch\/index.php\/kontakt\/\"]}]},{\"@type\":\"BreadcrumbList\",\"@id\":\"https:\/\/chinamedi.ch\/index.php\/kontakt\/#breadcrumb\",\"itemListElement\":[{\"@type\":\"ListItem\",\"position\":1,\"name\":\"Home\",\"item\":\"https:\/\/chinamedi.ch\/\"},{\"@type\":\"ListItem\",\"position\":2,\"name\":\"Kontakt\"}]},{\"@type\":\"WebSite\",\"@id\":\"https:\/\/chinamedi.ch\/#website\",\"url\":\"https:\/\/chinamedi.ch\/\",\"name\":\"Chinamedi.ch\",\"description\":\"\",\"potentialAction\":[{\"@type\":\"SearchAction\",\"target\":{\"@type\":\"EntryPoint\",\"urlTemplate\":\"https:\/\/chinamedi.ch\/?s={search_term_string}\"},\"query-input\":\"required name=search_term_string\"}],\"inLanguage\":\"fr-FR\"}]}<\/script>\n<!-- \/ Yoast SEO Premium plugin. -->","yoast_head_json":{"title":"Kontakt - Chinamedi.ch","robots":{"index":"index","follow":"follow","max-snippet":"max-snippet:-1","max-image-preview":"max-image-preview:large","max-video-preview":"max-video-preview:-1"},"canonical":"https:\/\/chinamedi.ch\/index.php\/kontakt\/","og_locale":"fr_FR","og_type":"article","og_title":"Kontakt","og_description":"Kontakt Erleben Sie die Geheimnisse der Entspannung. 031 972 22 93 &#8211; 078 681 10 36 in Localmed \u00c4rztezentrum K\u00f6niz Stapfenm\u00e4rit 7 (bei Post und Coop) Postfach 667 3098 K\u00f6niz Montag-Samstag: 08:30 \u2013 19:30 Uhr , Sonntag: Geschlossen Name E-Mail [&hellip;]","og_url":"https:\/\/chinamedi.ch\/index.php\/kontakt\/","og_site_name":"Chinamedi.ch","article_modified_time":"2023-03-10T17:29:45+00:00","og_image":[{"width":1024,"height":373,"url":"https:\/\/chinamedi.ch\/wp-content\/uploads\/2023\/03\/Adsiz-tasarim-70-1024x373.png","type":"image\/png"}],"twitter_card":"summary_large_image","twitter_misc":{"Dur\u00e9e de lecture estim\u00e9e":"1 minute"},"schema":{"@context":"https:\/\/schema.org","@graph":[{"@type":"WebPage","@id":"https:\/\/chinamedi.ch\/index.php\/kontakt\/","url":"https:\/\/chinamedi.ch\/index.php\/kontakt\/","name":"Kontakt - Chinamedi.ch","isPartOf":{"@id":"https:\/\/chinamedi.ch\/#website"},"datePublished":"2017-06-06T09:48:47+00:00","dateModified":"2023-03-10T17:29:45+00:00","breadcrumb":{"@id":"https:\/\/chinamedi.ch\/index.php\/kontakt\/#breadcrumb"},"inLanguage":"fr-FR","potentialAction":[{"@type":"ReadAction","target":["https:\/\/chinamedi.ch\/index.php\/kontakt\/"]}]},{"@type":"BreadcrumbList","@id":"https:\/\/chinamedi.ch\/index.php\/kontakt\/#breadcrumb","itemListElement":[{"@type":"ListItem","position":1,"name":"Home","item":"https:\/\/chinamedi.ch\/"},{"@type":"ListItem","position":2,"name":"Kontakt"}]},{"@type":"WebSite","@id":"https:\/\/chinamedi.ch\/#website","url":"https:\/\/chinamedi.ch\/","name":"Chinamedi.ch","description":"","potentialAction":[{"@type":"SearchAction","target":{"@type":"EntryPoint","urlTemplate":"https:\/\/chinamedi.ch\/?s={search_term_string}"},"query-input":"required name=search_term_string"}],"inLanguage":"fr-FR"}]}},"_links":{"self":[{"href":"https:\/\/chinamedi.ch\/index.php\/wp-json\/wp\/v2\/pages\/3117","targetHints":{"allow":["GET"]}}],"collection":[{"href":"https:\/\/chinamedi.ch\/index.php\/wp-json\/wp\/v2\/pages"}],"about":[{"href":"https:\/\/chinamedi.ch\/index.php\/wp-json\/wp\/v2\/types\/page"}],"author":[{"embeddable":true,"href":"https:\/\/chinamedi.ch\/index.php\/wp-json\/wp\/v2\/users\/2"}],"replies":[{"embeddable":true,"href":"https:\/\/chinamedi.ch\/index.php\/wp-json\/wp\/v2\/comments?post=3117"}],"version-history":[{"count":21,"href":"https:\/\/chinamedi.ch\/index.php\/wp-json\/wp\/v2\/pages\/3117\/revisions"}],"predecessor-version":[{"id":4094,"href":"https:\/\/chinamedi.ch\/index.php\/wp-json\/wp\/v2\/pages\/3117\/revisions\/4094"}],"wp:featuredmedia":[{"embeddable":true,"href":"https:\/\/chinamedi.ch\/index.php\/wp-json\/wp\/v2\/media\/3939"}],"wp:attachment":[{"href":"https:\/\/chinamedi.ch\/index.php\/wp-json\/wp\/v2\/media?parent=3117"}],"curies":[{"name":"wp","href":"https:\/\/api.w.org\/{rel}","templated":true}]}}